{"id":20994,"date":"2022-03-04T14:56:22","date_gmt":"2022-03-04T13:56:22","guid":{"rendered":"https:\/\/castrasteel.com\/?page_id=20994"},"modified":"2025-05-31T04:59:14","modified_gmt":"2025-05-31T02:59:14","slug":"mitt_konto","status":"publish","type":"page","link":"https:\/\/www.castrasteel.com\/staging\/mitt_konto\/","title":{"rendered":"Mitt konto"},"content":{"rendered":"\t\t<div data-elementor-type=\"wp-page\" data-elementor-id=\"20994\" class=\"elementor elementor-20994\" data-elementor-post-type=\"page\">\n\t\t\t\t\t\t<section class=\"elementor-section elementor-top-section elementor-element elementor-element-8feabf0 elementor-section-boxed elementor-section-height-default elementor-section-height-default\" data-id=\"8feabf0\" data-element_type=\"section\" data-e-type=\"section\">\n\t\t\t\t\t\t<div class=\"elementor-container elementor-column-gap-default\">\n\t\t\t\t\t<div class=\"elementor-column elementor-col-100 elementor-top-column elementor-element elementor-element-c460173\" data-id=\"c460173\" data-element_type=\"column\" data-e-type=\"column\">\n\t\t\t<div class=\"elementor-widget-wrap elementor-element-populated\">\n\t\t\t\t\t\t\t<\/div>\n\t\t<\/div>\n\t\t\t\t\t<\/div>\n\t\t<\/section>\n\t\t\t\t<section class=\"elementor-section elementor-top-section elementor-element elementor-element-1719bfd elementor-section-height-min-height elementor-section-items-top elementor-section-boxed elementor-section-height-default\" data-id=\"1719bfd\" data-element_type=\"section\" data-e-type=\"section\" data-settings=\"{&quot;background_background&quot;:&quot;classic&quot;}\">\n\t\t\t\t\t\t<div class=\"elementor-container elementor-column-gap-default\">\n\t\t\t\t\t<div class=\"elementor-column elementor-col-100 elementor-top-column elementor-element elementor-element-81b7473\" data-id=\"81b7473\" data-element_type=\"column\" data-e-type=\"column\">\n\t\t\t<div class=\"elementor-widget-wrap elementor-element-populated\">\n\t\t\t\t\t\t<section class=\"elementor-section elementor-inner-section elementor-element elementor-element-48b65d9 elementor-section-boxed elementor-section-height-default elementor-section-height-default\" data-id=\"48b65d9\" data-element_type=\"section\" data-e-type=\"section\">\n\t\t\t\t\t\t<div class=\"elementor-container elementor-column-gap-default\">\n\t\t\t\t\t<div class=\"elementor-column elementor-col-100 elementor-inner-column elementor-element elementor-element-989aa74\" data-id=\"989aa74\" data-element_type=\"column\" data-e-type=\"column\">\n\t\t\t<div class=\"elementor-widget-wrap elementor-element-populated\">\n\t\t\t\t\t\t<div class=\"elementor-element elementor-element-fa57275 elementor-widget__width-initial elementor-widget elementor-widget-shortcode\" data-id=\"fa57275\" data-element_type=\"widget\" data-e-type=\"widget\" data-widget_type=\"shortcode.default\">\n\t\t\t\t<div class=\"elementor-widget-container\">\n\t\t\t\t\t\t\t<div class=\"elementor-shortcode\">\n\n<\/div>\n\t\t\t\t\t\t<\/div>\n\t\t\t\t<\/div>\n\t\t\t\t\t<\/div>\n\t\t<\/div>\n\t\t\t\t\t<\/div>\n\t\t<\/section>\n\t\t\t\t<section class=\"elementor-section elementor-inner-section elementor-element elementor-element-b635d94 elementor-section-boxed elementor-section-height-default elementor-section-height-default\" data-id=\"b635d94\" data-element_type=\"section\" data-e-type=\"section\" data-settings=\"{&quot;background_background&quot;:&quot;classic&quot;}\">\n\t\t\t\t\t\t<div class=\"elementor-container elementor-column-gap-default\">\n\t\t\t\t\t<div class=\"elementor-column elementor-col-100 elementor-inner-column elementor-element elementor-element-3970afb\" data-id=\"3970afb\" data-element_type=\"column\" data-e-type=\"column\">\n\t\t\t<div class=\"elementor-widget-wrap elementor-element-populated\">\n\t\t\t\t\t\t<div class=\"elementor-element elementor-element-d3e471d elementor-widget__width-initial elementor-widget elementor-widget-text-editor\" data-id=\"d3e471d\" data-element_type=\"widget\" data-e-type=\"widget\" data-widget_type=\"text-editor.default\">\n\t\t\t\t<div class=\"elementor-widget-container\">\n\t\t\t\t\t\t\t\t\t<p>Kundniv\u00e5n ligger till grund f\u00f6r rabattniv\u00e5er. <strong>Alla registrerade och inloggade kunder<\/strong> har automatiskt <strong>5% rabatt<\/strong> p\u00e5 hela sortimentet, utom kategorierna h\u00e4rdugnar och maskiner, samt varum\u00e4rkena Kolswa och Devil forge.<\/p><p>Alla k\u00f6p ligger till grund f\u00f6r \u00f6ka rabatten stegvis, upp till hela 20%.<\/p>\t\t\t\t\t\t\t\t<\/div>\n\t\t\t\t<\/div>\n\t\t\t\t\t<\/div>\n\t\t<\/div>\n\t\t\t\t\t<\/div>\n\t\t<\/section>\n\t\t\t\t<div class=\"elementor-element elementor-element-b259e2f e-my-account-tabs-vertical elementor-widget elementor-widget-woocommerce-my-account\" data-id=\"b259e2f\" data-element_type=\"widget\" data-e-type=\"widget\" data-widget_type=\"woocommerce-my-account.default\">\n\t\t\t\t<div class=\"elementor-widget-container\">\n\t\t\t\t\t<div class=\"e-my-account-tab e-my-account-tab__ \">\t\t\t<div class=\"woocommerce\"><div class=\"woocommerce-notices-wrapper\"><\/div>\n\n<div class=\"u-columns col2-set\" id=\"customer_login\">\n\n\t<div class=\"u-column1 col-1\">\n\n\n\t\t<h2>Logga in<\/h2>\n\n\t\t<form class=\"woocommerce-form woocommerce-form-login login\" method=\"post\" novalidate>\n\n\t\t\t\n\t\t\t<p class=\"woocommerce-form-row woocommerce-form-row--wide form-row form-row-wide\">\n\t\t\t\t<label for=\"username\">Anv\u00e4ndarnamn eller e-postadress&nbsp;<span class=\"required\" aria-hidden=\"true\">*<\/span><span class=\"screen-reader-text\">Obligatoriskt<\/span><\/label>\n\t\t\t\t<input type=\"text\" class=\"woocommerce-Input woocommerce-Input--text input-text\" name=\"username\" id=\"username\" autocomplete=\"username\" value=\"\" required aria-required=\"true\" \/>\t\t\t<\/p>\n\t\t\t<p class=\"woocommerce-form-row woocommerce-form-row--wide form-row form-row-wide\">\n\t\t\t\t<label for=\"password\">L\u00f6senord&nbsp;<span class=\"required\" aria-hidden=\"true\">*<\/span><span class=\"screen-reader-text\">Obligatoriskt<\/span><\/label>\n\t\t\t\t<input class=\"woocommerce-Input woocommerce-Input--text input-text\" type=\"password\" name=\"password\" id=\"password\" autocomplete=\"current-password\" required aria-required=\"true\" \/>\n\t\t\t<\/p>\n\n\t\t\t\n\t\t\t<p class=\"form-row\">\n\t\t\t\t<label class=\"woocommerce-form__label woocommerce-form__label-for-checkbox woocommerce-form-login__rememberme\">\n\t\t\t\t\t<input class=\"woocommerce-form__input woocommerce-form__input-checkbox\" name=\"rememberme\" type=\"checkbox\" id=\"rememberme\" value=\"forever\" \/> <span>Kom ih\u00e5g mig<\/span>\n\t\t\t\t<\/label>\n\t\t\t\t<input type=\"hidden\" id=\"woocommerce-login-nonce\" name=\"woocommerce-login-nonce\" value=\"d9474f0024\" \/><input type=\"hidden\" name=\"_wp_http_referer\" value=\"\/staging\/wp-json\/wp\/v2\/pages\/20994\" \/>\t\t\t\t<button type=\"submit\" class=\"woocommerce-button button woocommerce-form-login__submit\" name=\"login\" value=\"Logga in\">Logga in<\/button>\n\t\t\t<\/p>\n\t\t\t<p class=\"woocommerce-LostPassword lost_password\">\n\t\t\t\t<a href=\"https:\/\/www.castrasteel.com\/staging\/mitt_konto\/lost-password\/\">Gl\u00f6mt ditt l\u00f6senord?<\/a>\n\t\t\t<\/p>\n\n\t\t\t\n\t\t<\/form>\n\n\n\t<\/div>\n\n\t<div class=\"u-column2 col-2\">\n\n\t\t<h2>Registrera<\/h2>\n\n\t\t<form method=\"post\" class=\"woocommerce-form woocommerce-form-register register\"  >\n\n\t\t\t\n\t\t\t\n\t\t\t<p class=\"woocommerce-form-row woocommerce-form-row--wide form-row form-row-wide\">\n\t\t\t\t<label for=\"reg_email\">E-postadress&nbsp;<span class=\"required\" aria-hidden=\"true\">*<\/span><span class=\"screen-reader-text\">Obligatoriskt<\/span><\/label>\n\t\t\t\t<input type=\"email\" class=\"woocommerce-Input woocommerce-Input--text input-text\" name=\"email\" id=\"reg_email\" autocomplete=\"email\" value=\"\" required aria-required=\"true\" \/>\t\t\t<\/p>\n\n\t\t\t\n\t\t\t\t<p>En l\u00e4nk f\u00f6r att st\u00e4lla in ett nytt l\u00f6senord kommer att skickas till din e-postadress.<\/p>\n\n\t\t\t\n\t\t\t<wc-order-attribution-inputs><\/wc-order-attribution-inputs><div class=\"woocommerce-privacy-policy-text\"><p>Castra steel Samlar inte in fler personuppgifter \u00e4n n\u00f6dv\u00e4ndigt i enlighet med GDPR, och enbart f\u00f6r att kunna fullf\u00f6lja v\u00e5ra \u00e5taganden gentemot dig som kund.<br \/>\nUppgifterna lagras  p\u00e5 ett s\u00e4kert s\u00e4tt, men inte l\u00e4ngre \u00e4n n\u00f6dv\u00e4ndigt <a href=\"https:\/\/www.castrasteel.com\/staging\/cookie-policy-eu\/\" class=\"woocommerce-privacy-policy-link\" target=\"_blank\">integritetspolicy<\/a>.<\/p>\n<\/div>\n\t\t\t<p class=\"woocommerce-form-row form-row\">\n\t\t\t\t<input type=\"hidden\" id=\"woocommerce-register-nonce\" name=\"woocommerce-register-nonce\" value=\"5dfcb7ef40\" \/><input type=\"hidden\" name=\"_wp_http_referer\" value=\"\/staging\/wp-json\/wp\/v2\/pages\/20994\" \/>\t\t\t\t<button type=\"submit\" class=\"woocommerce-Button woocommerce-button button woocommerce-form-register__submit\" name=\"register\" value=\"Registrera\">Registrera<\/button>\n\t\t\t<\/p>\n\n\t\t\t\n\t\t<\/form>\n\n\t<\/div>\n\n<\/div>\n\n<\/div>\t\t<\/div>\n\t\t\t\t\t\t<\/div>\n\t\t\t\t<\/div>\n\t\t\t\t\t<\/div>\n\t\t<\/div>\n\t\t\t\t\t<\/div>\n\t\t<\/section>\n\t\t\t\t<\/div>\n\t\t","protected":false},"excerpt":{"rendered":"<p>Kundniv\u00e5n ligger till grund f\u00f6r rabattniv\u00e5er. Alla registrerade och inloggade kunder har automatiskt 5% rabatt p\u00e5 hela sortimentet, utom kategorierna h\u00e4rdugnar och maskiner, samt varum\u00e4rkena Kolswa och Devil forge. Alla k\u00f6p ligger till grund f\u00f6r &#8230; <\/p>\n<p class=\"read-more-container\"><a title=\"Mitt konto\" class=\"read-more button\" href=\"https:\/\/www.castrasteel.com\/staging\/mitt_konto\/#more-20994\" aria-label=\"L\u00e4s mer om Mitt konto\">L\u00e4s mer<\/a><\/p>\n","protected":false},"author":3,"featured_media":0,"parent":0,"menu_order":0,"comment_status":"closed","ping_status":"closed","template":"","meta":{"footnotes":""},"class_list":["post-20994","page","type-page","status-publish"],"yoast_head":"<!-- This site is optimized with the Yoast SEO plugin v27.4 - https:\/\/yoast.com\/product\/yoast-seo-wordpress\/ -->\n<title>Mitt konto - Castra Steel<\/title>\n<meta name=\"robots\" content=\"index, follow, max-snippet:-1, max-image-preview:large, max-video-preview:-1\" \/>\n<link rel=\"canonical\" href=\"https:\/\/www.castrasteel.com\/staging\/mitt_konto\/\" \/>\n<meta name=\"twitter:card\" content=\"summary_large_image\" \/>\n<meta name=\"twitter:title\" content=\"Mitt konto - Castra Steel\" \/>\n<meta name=\"twitter:description\" content=\"Kundniv\u00e5n ligger till grund f\u00f6r rabattniv\u00e5er. Alla registrerade och inloggade kunder har automatiskt 5% rabatt p\u00e5 hela sortimentet, utom kategorierna h\u00e4rdugnar och maskiner, samt varum\u00e4rkena Kolswa och Devil forge. Alla k\u00f6p ligger till grund f\u00f6r ... L\u00e4s mer\" \/>\n<meta name=\"twitter:label1\" content=\"Ber\u00e4knad l\u00e4stid\" \/>\n\t<meta name=\"twitter:data1\" content=\"2 minuter\" \/>\n<script type=\"application\/ld+json\" class=\"yoast-schema-graph\">{\"@context\":\"https:\\\/\\\/schema.org\",\"@graph\":[{\"@type\":\"WebPage\",\"@id\":\"https:\\\/\\\/www.castrasteel.com\\\/staging\\\/mitt_konto\\\/\",\"url\":\"https:\\\/\\\/www.castrasteel.com\\\/staging\\\/mitt_konto\\\/\",\"name\":\"Mitt konto - Castra Steel\",\"isPartOf\":{\"@id\":\"https:\\\/\\\/www.castrasteel.com\\\/staging\\\/#website\"},\"datePublished\":\"2022-03-04T13:56:22+00:00\",\"dateModified\":\"2025-05-31T02:59:14+00:00\",\"breadcrumb\":{\"@id\":\"https:\\\/\\\/www.castrasteel.com\\\/staging\\\/mitt_konto\\\/#breadcrumb\"},\"inLanguage\":\"sv-SE\",\"potentialAction\":[{\"@type\":\"ReadAction\",\"target\":[\"https:\\\/\\\/www.castrasteel.com\\\/staging\\\/mitt_konto\\\/\"]}]},{\"@type\":\"BreadcrumbList\",\"@id\":\"https:\\\/\\\/www.castrasteel.com\\\/staging\\\/mitt_konto\\\/#breadcrumb\",\"itemListElement\":[{\"@type\":\"ListItem\",\"position\":1,\"name\":\"Hem\",\"item\":\"https:\\\/\\\/www.castrasteel.com\\\/staging\\\/\"},{\"@type\":\"ListItem\",\"position\":2,\"name\":\"Mitt konto\"}]},{\"@type\":\"WebSite\",\"@id\":\"https:\\\/\\\/www.castrasteel.com\\\/staging\\\/#website\",\"url\":\"https:\\\/\\\/www.castrasteel.com\\\/staging\\\/\",\"name\":\"Castra Steel\",\"description\":\"Din nordiska leverant\u00f6r av knivst\u00e5l\",\"publisher\":{\"@id\":\"https:\\\/\\\/www.castrasteel.com\\\/staging\\\/#organization\"},\"potentialAction\":[{\"@type\":\"SearchAction\",\"target\":{\"@type\":\"EntryPoint\",\"urlTemplate\":\"https:\\\/\\\/www.castrasteel.com\\\/staging\\\/?s={search_term_string}\"},\"query-input\":{\"@type\":\"PropertyValueSpecification\",\"valueRequired\":true,\"valueName\":\"search_term_string\"}}],\"inLanguage\":\"sv-SE\"},{\"@type\":\"Organization\",\"@id\":\"https:\\\/\\\/www.castrasteel.com\\\/staging\\\/#organization\",\"name\":\"Castra steel\",\"url\":\"https:\\\/\\\/www.castrasteel.com\\\/staging\\\/\",\"logo\":{\"@type\":\"ImageObject\",\"inLanguage\":\"sv-SE\",\"@id\":\"https:\\\/\\\/www.castrasteel.com\\\/staging\\\/#\\\/schema\\\/logo\\\/image\\\/\",\"url\":\"https:\\\/\\\/www.castrasteel.com\\\/staging\\\/staging\\\/wp-content\\\/uploads\\\/2025\\\/04\\\/fb-logga-1.png?v=1744128795\",\"contentUrl\":\"https:\\\/\\\/www.castrasteel.com\\\/staging\\\/staging\\\/wp-content\\\/uploads\\\/2025\\\/04\\\/fb-logga-1.png?v=1744128795\",\"width\":600,\"height\":315,\"caption\":\"Castra steel\"},\"image\":{\"@id\":\"https:\\\/\\\/www.castrasteel.com\\\/staging\\\/#\\\/schema\\\/logo\\\/image\\\/\"},\"sameAs\":[\"https:\\\/\\\/www.facebook.com\\\/Castrasteel\\\/\"]}]}<\/script>\n<!-- \/ Yoast SEO plugin. -->","yoast_head_json":{"title":"Mitt konto - Castra Steel","robots":{"index":"index","follow":"follow","max-snippet":"max-snippet:-1","max-image-preview":"max-image-preview:large","max-video-preview":"max-video-preview:-1"},"canonical":"https:\/\/www.castrasteel.com\/staging\/mitt_konto\/","twitter_card":"summary_large_image","twitter_title":"Mitt konto - Castra Steel","twitter_description":"Kundniv\u00e5n ligger till grund f\u00f6r rabattniv\u00e5er. Alla registrerade och inloggade kunder har automatiskt 5% rabatt p\u00e5 hela sortimentet, utom kategorierna h\u00e4rdugnar och maskiner, samt varum\u00e4rkena Kolswa och Devil forge. Alla k\u00f6p ligger till grund f\u00f6r ... L\u00e4s mer","twitter_misc":{"Ber\u00e4knad l\u00e4stid":"2 minuter"},"schema":{"@context":"https:\/\/schema.org","@graph":[{"@type":"WebPage","@id":"https:\/\/www.castrasteel.com\/staging\/mitt_konto\/","url":"https:\/\/www.castrasteel.com\/staging\/mitt_konto\/","name":"Mitt konto - Castra Steel","isPartOf":{"@id":"https:\/\/www.castrasteel.com\/staging\/#website"},"datePublished":"2022-03-04T13:56:22+00:00","dateModified":"2025-05-31T02:59:14+00:00","breadcrumb":{"@id":"https:\/\/www.castrasteel.com\/staging\/mitt_konto\/#breadcrumb"},"inLanguage":"sv-SE","potentialAction":[{"@type":"ReadAction","target":["https:\/\/www.castrasteel.com\/staging\/mitt_konto\/"]}]},{"@type":"BreadcrumbList","@id":"https:\/\/www.castrasteel.com\/staging\/mitt_konto\/#breadcrumb","itemListElement":[{"@type":"ListItem","position":1,"name":"Hem","item":"https:\/\/www.castrasteel.com\/staging\/"},{"@type":"ListItem","position":2,"name":"Mitt konto"}]},{"@type":"WebSite","@id":"https:\/\/www.castrasteel.com\/staging\/#website","url":"https:\/\/www.castrasteel.com\/staging\/","name":"Castra Steel","description":"Din nordiska leverant\u00f6r av knivst\u00e5l","publisher":{"@id":"https:\/\/www.castrasteel.com\/staging\/#organization"},"potentialAction":[{"@type":"SearchAction","target":{"@type":"EntryPoint","urlTemplate":"https:\/\/www.castrasteel.com\/staging\/?s={search_term_string}"},"query-input":{"@type":"PropertyValueSpecification","valueRequired":true,"valueName":"search_term_string"}}],"inLanguage":"sv-SE"},{"@type":"Organization","@id":"https:\/\/www.castrasteel.com\/staging\/#organization","name":"Castra steel","url":"https:\/\/www.castrasteel.com\/staging\/","logo":{"@type":"ImageObject","inLanguage":"sv-SE","@id":"https:\/\/www.castrasteel.com\/staging\/#\/schema\/logo\/image\/","url":"https:\/\/www.castrasteel.com\/staging\/staging\/wp-content\/uploads\/2025\/04\/fb-logga-1.png?v=1744128795","contentUrl":"https:\/\/www.castrasteel.com\/staging\/staging\/wp-content\/uploads\/2025\/04\/fb-logga-1.png?v=1744128795","width":600,"height":315,"caption":"Castra steel"},"image":{"@id":"https:\/\/www.castrasteel.com\/staging\/#\/schema\/logo\/image\/"},"sameAs":["https:\/\/www.facebook.com\/Castrasteel\/"]}]}},"_links":{"self":[{"href":"https:\/\/www.castrasteel.com\/staging\/wp-json\/wp\/v2\/pages\/20994","targetHints":{"allow":["GET"]}}],"collection":[{"href":"https:\/\/www.castrasteel.com\/staging\/wp-json\/wp\/v2\/pages"}],"about":[{"href":"https:\/\/www.castrasteel.com\/staging\/wp-json\/wp\/v2\/types\/page"}],"author":[{"embeddable":true,"href":"https:\/\/www.castrasteel.com\/staging\/wp-json\/wp\/v2\/users\/3"}],"replies":[{"embeddable":true,"href":"https:\/\/www.castrasteel.com\/staging\/wp-json\/wp\/v2\/comments?post=20994"}],"version-history":[{"count":99,"href":"https:\/\/www.castrasteel.com\/staging\/wp-json\/wp\/v2\/pages\/20994\/revisions"}],"predecessor-version":[{"id":25270,"href":"https:\/\/www.castrasteel.com\/staging\/wp-json\/wp\/v2\/pages\/20994\/revisions\/25270"}],"wp:attachment":[{"href":"https:\/\/www.castrasteel.com\/staging\/wp-json\/wp\/v2\/media?parent=20994"}],"curies":[{"name":"wp","href":"https:\/\/api.w.org\/{rel}","templated":true}]}}